{"id":427,"date":"2025-02-19T00:40:43","date_gmt":"2025-02-19T03:40:43","guid":{"rendered":"https:\/\/oceadon.com\/?post_type=product&#038;p=427"},"modified":"2025-02-19T00:58:00","modified_gmt":"2025-02-19T03:58:00","slug":"bomba-veico-pro","status":"publish","type":"product","link":"https:\/\/oceadon.com\/index.php\/product\/bomba-veico-pro\/","title":{"rendered":"BOMBA VEICO PRO HP-IP21"},"content":{"rendered":"<p>Las motobombas VEICO PRO son autocebantes, con juego de tornillos en acero inoxidable y conexiones de 50mm y 48,5mm ASTM. Producido con pl\u00e1stico de ingenier\u00eda con rotor en Noryl. Aislamiento de motor de clase F (soporta hasta 155\u00baC), con grado de protecci\u00f3n IP-23 con Click Rural, dise\u00f1ado para soportar subtensi\u00f3n y sobretensi\u00f3n (110 a 127 V y 220 a 254V), factor de servicio de hasta 1,15.<\/p>\n","protected":false},"excerpt":{"rendered":"<p>Las motobombas VEICO PRO son autocebantes, con juego de tornillos en acero inoxidable y conexiones de 50mm y 48,5mm ASTM. Producido con pl\u00e1stico de ingenier\u00eda con rotor en Noryl. Aislamiento de motor de clase F (soporta hasta 155\u00baC), con grado de protecci\u00f3n IP-23 con Click Rural, dise\u00f1ado para soportar subtensi\u00f3n y sobretensi\u00f3n (110 a 127 [&hellip;]<\/p>\n","protected":false},"featured_media":428,"comment_status":"open","ping_status":"closed","template":"","meta":[],"product_brand":[],"product_cat":[17],"product_tag":[],"class_list":{"0":"post-427","1":"product","2":"type-product","3":"status-publish","4":"has-post-thumbnail","6":"product_cat-bombas","8":"first","9":"instock","10":"shipping-taxable","11":"purchasable","12":"product-type-variable"},"_links":{"self":[{"href":"https:\/\/oceadon.com\/index.php\/wp-json\/wp\/v2\/product\/427","targetHints":{"allow":["GET"]}}],"collection":[{"href":"https:\/\/oceadon.com\/index.php\/wp-json\/wp\/v2\/product"}],"about":[{"href":"https:\/\/oceadon.com\/index.php\/wp-json\/wp\/v2\/types\/product"}],"replies":[{"embeddable":true,"href":"https:\/\/oceadon.com\/index.php\/wp-json\/wp\/v2\/comments?post=427"}],"wp:featuredmedia":[{"embeddable":true,"href":"https:\/\/oceadon.com\/index.php\/wp-json\/wp\/v2\/media\/428"}],"wp:attachment":[{"href":"https:\/\/oceadon.com\/index.php\/wp-json\/wp\/v2\/media?parent=427"}],"wp:term":[{"taxonomy":"product_brand","embeddable":true,"href":"https:\/\/oceadon.com\/index.php\/wp-json\/wp\/v2\/product_brand?post=427"},{"taxonomy":"product_cat","embeddable":true,"href":"https:\/\/oceadon.com\/index.php\/wp-json\/wp\/v2\/product_cat?post=427"},{"taxonomy":"product_tag","embeddable":true,"href":"https:\/\/oceadon.com\/index.php\/wp-json\/wp\/v2\/product_tag?post=427"}],"curies":[{"name":"wp","href":"https:\/\/api.w.org\/{rel}","templated":true}]}}