{"id":443,"date":"2025-02-19T01:16:39","date_gmt":"2025-02-19T04:16:39","guid":{"rendered":"https:\/\/oceadon.com\/?post_type=product&#038;p=443"},"modified":"2026-04-09T21:14:22","modified_gmt":"2026-04-10T01:14:22","slug":"filtro-veico","status":"publish","type":"product","link":"https:\/\/oceadon.com\/index.php\/product\/filtro-veico\/","title":{"rendered":"Filtro VEICO"},"content":{"rendered":"<p>Filtro Veico de Astralpool Dep\u00f3sito de filtro de polietileno rotomoldeado. V\u00e1lvula selectora de 6 funciones con conexi\u00f3n 50 mm equipada con man\u00f3metro, producido con pl\u00e1sticos de ingenier\u00eda (ABS, ABS + fibra de vidrio, policarbonato, EPDM) y elementos met\u00e1licos con acero inoxidable que garantizan un mejor rendimiento, robustez, facilidad de manejo y mayor vida \u00fatil. V\u00e1lvula de uni\u00f3n al tanque atornillado y con sello EPDM Velocidad m\u00e1xima de trabajo 48 m\/H\/m. Presi\u00f3n m\u00e1xima de trabajo 1,5 Kg\/cm Garantia 2 a\u00f1os. Carga Filtrante NO incluida<\/p>\n","protected":false},"excerpt":{"rendered":"<p>Filtro Veico de Astralpool Dep\u00f3sito de filtro de polietileno rotomoldeado. (ROTOMOLDEADO SIN COSTURAS)<\/p>\n","protected":false},"featured_media":444,"comment_status":"open","ping_status":"closed","template":"","meta":[],"product_brand":[],"product_cat":[19],"product_tag":[],"class_list":{"0":"post-443","1":"product","2":"type-product","3":"status-publish","4":"has-post-thumbnail","6":"product_cat-filtros","8":"first","9":"instock","10":"shipping-taxable","11":"purchasable","12":"product-type-variable"},"_links":{"self":[{"href":"https:\/\/oceadon.com\/index.php\/wp-json\/wp\/v2\/product\/443","targetHints":{"allow":["GET"]}}],"collection":[{"href":"https:\/\/oceadon.com\/index.php\/wp-json\/wp\/v2\/product"}],"about":[{"href":"https:\/\/oceadon.com\/index.php\/wp-json\/wp\/v2\/types\/product"}],"replies":[{"embeddable":true,"href":"https:\/\/oceadon.com\/index.php\/wp-json\/wp\/v2\/comments?post=443"}],"wp:featuredmedia":[{"embeddable":true,"href":"https:\/\/oceadon.com\/index.php\/wp-json\/wp\/v2\/media\/444"}],"wp:attachment":[{"href":"https:\/\/oceadon.com\/index.php\/wp-json\/wp\/v2\/media?parent=443"}],"wp:term":[{"taxonomy":"product_brand","embeddable":true,"href":"https:\/\/oceadon.com\/index.php\/wp-json\/wp\/v2\/product_brand?post=443"},{"taxonomy":"product_cat","embeddable":true,"href":"https:\/\/oceadon.com\/index.php\/wp-json\/wp\/v2\/product_cat?post=443"},{"taxonomy":"product_tag","embeddable":true,"href":"https:\/\/oceadon.com\/index.php\/wp-json\/wp\/v2\/product_tag?post=443"}],"curies":[{"name":"wp","href":"https:\/\/api.w.org\/{rel}","templated":true}]}}