{"id":459,"date":"2025-02-19T01:32:03","date_gmt":"2025-02-19T04:32:03","guid":{"rendered":"https:\/\/oceadon.com\/?post_type=product&#038;p=459"},"modified":"2025-02-19T01:41:19","modified_gmt":"2025-02-19T04:41:19","slug":"bomba-de-calor-zodiac-z-200","status":"publish","type":"product","link":"https:\/\/oceadon.com\/index.php\/product\/bomba-de-calor-zodiac-z-200\/","title":{"rendered":"BOMBA DE CALOR ZODIAC Z 200"},"content":{"rendered":"<p><strong>MANTENIMIENTO DE TEMPERATURA GARANTIZADO:<\/strong> Para calentar su piscina, la bomba de calor requiere que el sistemade filtraci\u00f3n est\u00e9 en funcionamiento. Gracias a su funci\u00f3n \u201cPrioridadde calefacci\u00f3n\u201d, la Z200 controla la activaci\u00f3n de la filtraci\u00f3n yle garantiza un mantenimiento constante de la temperatura encualquier circunstancia.<\/p>\n<p><strong>COMPATIBLE CON LA MAYORIA DE LAS PISCINAS:<\/strong> Con una excelente relaci\u00f3n calidad\/precio, es el mejor medio de accedera una bomba de calor simple, fiable y econ\u00f3mica.<\/p>\n","protected":false},"excerpt":{"rendered":"<p>La Z200, Zodiac\u00ae le ofrece una bomba de calor para piscina queune dise\u00f1o y rendimiento, ideal para calentar piscinas peque\u00f1as. Las dimensiones de esta bomba de calor est\u00e1n reducidas al m\u00e1ximo, con el fin de ocupar el m\u00ednimo espacio en el jard\u00ed<\/p>\n","protected":false},"featured_media":460,"comment_status":"open","ping_status":"closed","template":"","meta":[],"product_brand":[],"product_cat":[20],"product_tag":[],"class_list":{"0":"post-459","1":"product","2":"type-product","3":"status-publish","4":"has-post-thumbnail","6":"product_cat-bombas-de-calor","8":"first","9":"instock","10":"shipping-taxable","11":"purchasable","12":"product-type-variable"},"_links":{"self":[{"href":"https:\/\/oceadon.com\/index.php\/wp-json\/wp\/v2\/product\/459","targetHints":{"allow":["GET"]}}],"collection":[{"href":"https:\/\/oceadon.com\/index.php\/wp-json\/wp\/v2\/product"}],"about":[{"href":"https:\/\/oceadon.com\/index.php\/wp-json\/wp\/v2\/types\/product"}],"replies":[{"embeddable":true,"href":"https:\/\/oceadon.com\/index.php\/wp-json\/wp\/v2\/comments?post=459"}],"wp:featuredmedia":[{"embeddable":true,"href":"https:\/\/oceadon.com\/index.php\/wp-json\/wp\/v2\/media\/460"}],"wp:attachment":[{"href":"https:\/\/oceadon.com\/index.php\/wp-json\/wp\/v2\/media?parent=459"}],"wp:term":[{"taxonomy":"product_brand","embeddable":true,"href":"https:\/\/oceadon.com\/index.php\/wp-json\/wp\/v2\/product_brand?post=459"},{"taxonomy":"product_cat","embeddable":true,"href":"https:\/\/oceadon.com\/index.php\/wp-json\/wp\/v2\/product_cat?post=459"},{"taxonomy":"product_tag","embeddable":true,"href":"https:\/\/oceadon.com\/index.php\/wp-json\/wp\/v2\/product_tag?post=459"}],"curies":[{"name":"wp","href":"https:\/\/api.w.org\/{rel}","templated":true}]}}